{"id":273,"date":"2023-12-14T15:54:56","date_gmt":"2023-12-14T07:54:56","guid":{"rendered":"https:\/\/www.youandtech.com.au\/?post_type=product&#038;p=273"},"modified":"2024-01-24T00:15:08","modified_gmt":"2024-01-23T16:15:08","slug":"gp-xd3000ax","status":"publish","type":"product","link":"https:\/\/www.youandtech.com.au\/index.php\/product\/gp-xd3000ax\/","title":{"rendered":"GP-XD3000AX"},"content":{"rendered":"<h3>Product Advantage<\/h3>\n<p>GP-XD3000AX is a high-performance and high-speed dual band wireless ceiling Access Point that supports 802.11ax. The device adopts the latest customized chip of Qualcomm and optimizes the algorithm to make the wireless signal rateas high as 3048m. It adopts the 2.5gbe network port design, and integrates the new generation features of OFDMA, UL, MU-MIMO, 1024qam,etc It has the characteristics of high bandwidth,strong concurrent ability, more standby users,stronger penetration, more concurrent users,higher speed, lower cut delay and wider coverage distance.<\/p>\n<ul>\n<li>Supports 802.11 B \/ g \/ N \/ AC \/ ax standards<\/li>\n<li>MU-MIMO architecture<\/li>\n<li>Integration mode of fat and thin<\/li>\n<li>Diversified access authentication methods<\/li>\n<li>Flame retardant design of shell<\/li>\n<li>Wireless Access 200+<\/li>\n<li>Design of 2.5GBe network port<\/li>\n<\/ul>\n<h3>Product Parameter<\/h3>\n\n<table id=\"tablepress-GP-XD3000\" class=\"tablepress tablepress-id-GP-XD3000 tbody-has-connected-cells\">\n<tbody class=\"row-striping row-hover\">\n<tr class=\"row-1\">\n\t<td colspan=\"2\" class=\"column-1\"><strong>Hardware function<\/strong><\/td>\n<\/tr>\n<tr class=\"row-2\">\n\t<td class=\"column-1\">CPU<\/td><td class=\"column-2\">IPQ8071+QCN5024+QCN5054+QCA8081<\/td>\n<\/tr>\n<tr class=\"row-3\">\n\t<td class=\"column-1\">Flash<\/td><td class=\"column-2\">SPI NOR 8MB<\/td>\n<\/tr>\n<tr class=\"row-4\">\n\t<td class=\"column-1\">DDR<\/td><td class=\"column-2\">512MB*2=1GB<\/td>\n<\/tr>\n<tr class=\"row-5\">\n\t<td class=\"column-1\">NAND<\/td><td class=\"column-2\">NAND flash 512MB(8bit)<\/td>\n<\/tr>\n<tr class=\"row-6\">\n\t<td class=\"column-1\">Maximum rate<\/td><td class=\"column-2\">3048Mbps \uff085G: 2475Mbps 2.4G:573Mbps\uff09<\/td>\n<\/tr>\n<tr class=\"row-7\">\n\t<td class=\"column-1\">PA_2.4G<\/td><td class=\"column-2\">SKY85333<\/td>\n<\/tr>\n<tr class=\"row-8\">\n\t<td class=\"column-1\">PA_5.8G<\/td><td class=\"column-2\">SKY85747<\/td>\n<\/tr>\n<tr class=\"row-9\">\n\t<td class=\"column-1\">Maximum support for wireless access<\/td><td class=\"column-2\">200+<\/td>\n<\/tr>\n<tr class=\"row-10\">\n\t<td colspan=\"2\" class=\"column-1\"><strong>Software function<\/strong><\/td>\n<\/tr>\n<tr class=\"row-11\">\n\t<td class=\"column-1\">Working mode<\/td><td class=\"column-2\">AP (fat thin mode switching), universal relay, gateway mode, wireless ISP mode<\/td>\n<\/tr>\n<tr class=\"row-12\">\n\t<td class=\"column-1\">Wireless function<\/td><td class=\"column-2\">Support 4 SSIDs, hidden SSID, wireless encryption, wireless MAC address filtering, WiFi timing off function, multicast acceleration, user isolation, transmission power setting, wireless client number limit, fast roaming switching, 5g priority<\/td>\n<\/tr>\n<tr class=\"row-13\">\n\t<td class=\"column-1\">Network function<\/td><td class=\"column-2\">VLAN settings, DHCP server, cloud platform server<\/td>\n<\/tr>\n<tr class=\"row-14\">\n\t<td class=\"column-1\">Device management<\/td><td class=\"column-2\">Backup configuration information, restore configuration information, restore factory configuration information, restart including scheduled restart and immediate restart, firmware upgrade, time management including system display time and time synchronization, system log, support local unified management function<\/td>\n<\/tr>\n<tr class=\"row-15\">\n\t<td colspan=\"2\" class=\"column-1\"><strong>RF parameters<\/strong><\/td>\n<\/tr>\n<tr class=\"row-16\">\n\t<td class=\"column-1\">2.4G working frequency band<\/td><td class=\"column-2\">2.4GHz - 2.484GHz<\/td>\n<\/tr>\n<tr class=\"row-17\">\n\t<td class=\"column-1\">5.8G working frequency band<\/td><td class=\"column-2\">5.150GHz ~ 5.850GHz<\/td>\n<\/tr>\n<tr class=\"row-18\">\n\t<td class=\"column-1\">2.4G WIFI transport protocol<\/td><td class=\"column-2\">802.11 b \/ g \/ n \/ ax<\/td>\n<\/tr>\n<tr class=\"row-19\">\n\t<td class=\"column-1\">5.8G WIFI transport protocol<\/td><td class=\"column-2\">802.11 a \/ n \/ ac \/ ax<\/td>\n<\/tr>\n<tr class=\"row-20\">\n\t<td class=\"column-1\">2.4G Wireless power<\/td><td class=\"column-2\">802.11b: 11M\/22\u00b12dBm,    1M\/24\u00b12dBm<br \/>\n802.11g: 54M\/21\u00b12dBm,     6M\/23\u00b12dBm<br \/>\n802.11n HT20:MCS7\/20\u00b12dBm,    MCS0\/22\u00b12dBm<br \/>\n802.11n HT40:MCS7\/19\u00b12dBm,       MCS0\/21\u00b12dBm<br \/>\n802.11ax HT40:MCS11\/15 \u00b12dBm,    MCS0\/17\u00b12dBm<\/td>\n<\/tr>\n<tr class=\"row-21\">\n\t<td class=\"column-1\">5.8G Wireless power<\/td><td class=\"column-2\">802.11a:54M\/19\u00b12dBm,6M-23\u00b12dBm<br \/>\n802.11n HT20:MCS7\/21\u00b12dBm,  MCS0\/22\u00b12dBm<br \/>\n802.11n HT40:MCS7\/20\u00b12dBm,  MCS0\/21\u00b12dBm<br \/>\n802.11ac HT80:MCS9\/18\u00b12dBm, MCS0\/20\u00b12dBm<br \/>\n802.11ax HT80:MCS11\/17\u00b12dBm,MCS0\/19\u00b12dBm<\/td>\n<\/tr>\n<tr class=\"row-22\">\n\t<td class=\"column-1\">2.4G Receiving sensitivity<\/td><td class=\"column-2\">802.11b:11M\/-85dBm;  1M\/-94dBm<br \/>\n802.11g:54M\/-72dBm;  6M\/-90dBm<br \/>\n802.11n:HT20:MCS7\/-70dBm; MCS0\/-88dBm<br \/>\n802.11n:HT40:MCS7\/-68dBm; MCS0\/-86dBm<br \/>\n802.11ac:HT40:MCS9\/-68dBm;MCS0\/-86dBm<br \/>\n802.11ax:HT40:MCS11\/-49dBm;MCS0\/-67dBm<\/td>\n<\/tr>\n<tr class=\"row-23\">\n\t<td class=\"column-1\">5.8G Receiving sensitivity<\/td><td class=\"column-2\">802.11a:54M\/-72dBm;6M\/-90dBm<br \/>\n802.11n HT20:MCS7\/-70dBm;MCS0\/-88dBm<br \/>\n802.11n HT40:MCS7\/-68dBm;MCS0\/-86dBm<br \/>\n802.11ac HT80:MCS9\/-58dBm,MCS0\/-85dBm<br \/>\n802.11ac HT80:MCS11\/-46dBm,MCS0\/-73dBm<\/td>\n<\/tr>\n<tr class=\"row-24\">\n\t<td class=\"column-1\">2.4G EVM<\/td><td class=\"column-2\">802.11b: \u2264 -10 dB<br \/>\n802.11g: \u2264 -25 dB<br \/>\n802.11n: \u2264 -28dB<br \/>\n802.11ac: \u2264 -32 dB<br \/>\n802.11ax: \u2264 -35 dB<\/td>\n<\/tr>\n<tr class=\"row-25\">\n\t<td class=\"column-1\">5.8G EVM<\/td><td class=\"column-2\">802.11a: \u2264 -25 dB<br \/>\n802.11n: \u2264 -28 dB<br \/>\n802.11ac: \u2264 -32 dB<br \/>\n802.11ax: \u2264 -35 dB<\/td>\n<\/tr>\n<tr class=\"row-26\">\n\t<td class=\"column-1\">frequency offset<\/td><td class=\"column-2\">\u00b120ppm<\/td>\n<\/tr>\n<tr class=\"row-27\">\n\t<td colspan=\"2\" class=\"column-1\"><strong>Interface and power supply<\/strong><\/td>\n<\/tr>\n<tr class=\"row-28\">\n\t<td class=\"column-1\">Antenna<\/td><td class=\"column-2\">Built in omnidirectional antenna<\/td>\n<\/tr>\n<tr class=\"row-29\">\n\t<td class=\"column-1\">WAN<\/td><td class=\"column-2\">1* 10 \/ 100 \/ 1000m adaptive WAN \/ LAN port, supporting Poe power supply<\/td>\n<\/tr>\n<tr class=\"row-30\">\n\t<td class=\"column-1\">LAN<\/td><td class=\"column-2\">1* 10 \/ 100 \/ 1000m adaptive LAN port<\/td>\n<\/tr>\n<tr class=\"row-31\">\n\t<td class=\"column-1\">Reset<\/td><td class=\"column-2\">reset (Press and hold for 5 seconds to restore the factory default configuration)<\/td>\n<\/tr>\n<tr class=\"row-32\">\n\t<td class=\"column-1\">WAN Port light<\/td><td class=\"column-2\">WAN port light, LAN port light, three color light (3* different colors respectively indicate: system light, 5g WiFi light, 2.4G WiFi light)<\/td>\n<\/tr>\n<tr class=\"row-33\">\n\t<td class=\"column-1\">power supply<\/td><td class=\"column-2\">Poe power supply \/ DC power supply<\/td>\n<\/tr>\n<tr class=\"row-34\">\n\t<td class=\"column-1\">Supply voltage<\/td><td class=\"column-2\">POE48V(AT+) \/DC12V<\/td>\n<\/tr>\n<tr class=\"row-35\">\n\t<td class=\"column-1\">Maximum power consumption<\/td><td class=\"column-2\"><24W<\/td>\n<\/tr>\n<tr class=\"row-36\">\n\t<td colspan=\"2\" class=\"column-1\"><strong>Environmental and physical performance<\/strong><\/td>\n<\/tr>\n<tr class=\"row-37\">\n\t<td class=\"column-1\">Working temperature<\/td><td class=\"column-2\">-20 ~ 60\u00baC<\/td>\n<\/tr>\n<tr class=\"row-38\">\n\t<td class=\"column-1\">Storage temperature<\/td><td class=\"column-2\">-40 ~ 80\u00baC<\/td>\n<\/tr>\n<tr class=\"row-39\">\n\t<td class=\"column-1\">Humidity<\/td><td class=\"column-2\">5%~ 95%No condensation<\/td>\n<\/tr>\n<tr class=\"row-40\">\n\t<td class=\"column-1\">External dimension<\/td><td class=\"column-2\">168mm\u00d7120mm\u00d732mm(length \u00d7 width \u00d7 height)<\/td>\n<\/tr>\n<tr class=\"row-41\">\n\t<td class=\"column-1\">Installation and fixation<\/td><td class=\"column-2\">Ceiling or wall mounted installation<\/td>\n<\/tr>\n<tr class=\"row-42\">\n\t<td class=\"column-1\">Special design<\/td><td class=\"column-2\">Design of fireproof, flame retardant, electromagnetic shielding and lightning protection of enclosure<\/td>\n<\/tr>\n<\/tbody>\n<\/table>\n<!-- #tablepress-GP-XD3000 from cache -->\n<p>&nbsp;<\/p>\n<p>&nbsp;<\/p>\n","protected":false},"excerpt":{"rendered":"<p>GP-XD3000AX is a high-performance and high-speed dual band wireless ceiling Access Point that supports 802.11ax. The device adopts the latest customized chip of Qualcomm and optimizes the algorithm to make the wireless signal rateas high as 3048m. It adopts the 2.5gbe network port design, and integrates the new generation features of OFDMA, UL, MU-MIMO, 1024qam,etc It has the characteristics of high bandwidth,strong concurrent ability, more standby users,stronger penetration, more concurrent users,higher speed, lower cut delay and wider coverage distance.<\/p>\n","protected":false},"featured_media":530,"template":"","meta":[],"product_brand":[],"product_cat":[29,19],"product_tag":[],"class_list":{"0":"post-273","1":"product","2":"type-product","3":"status-publish","4":"has-post-thumbnail","6":"product_cat-ceiling-mounted-routers-access-points","7":"product_cat-consumer-products","9":"first","10":"instock","11":"shipping-taxable","12":"product-type-simple"},"jetpack_sharing_enabled":true,"_links":{"self":[{"href":"https:\/\/www.youandtech.com.au\/index.php\/wp-json\/wp\/v2\/product\/273","targetHints":{"allow":["GET"]}}],"collection":[{"href":"https:\/\/www.youandtech.com.au\/index.php\/wp-json\/wp\/v2\/product"}],"about":[{"href":"https:\/\/www.youandtech.com.au\/index.php\/wp-json\/wp\/v2\/types\/product"}],"wp:featuredmedia":[{"embeddable":true,"href":"https:\/\/www.youandtech.com.au\/index.php\/wp-json\/wp\/v2\/media\/530"}],"wp:attachment":[{"href":"https:\/\/www.youandtech.com.au\/index.php\/wp-json\/wp\/v2\/media?parent=273"}],"wp:term":[{"taxonomy":"product_brand","embeddable":true,"href":"https:\/\/www.youandtech.com.au\/index.php\/wp-json\/wp\/v2\/product_brand?post=273"},{"taxonomy":"product_cat","embeddable":true,"href":"https:\/\/www.youandtech.com.au\/index.php\/wp-json\/wp\/v2\/product_cat?post=273"},{"taxonomy":"product_tag","embeddable":true,"href":"https:\/\/www.youandtech.com.au\/index.php\/wp-json\/wp\/v2\/product_tag?post=273"}],"curies":[{"name":"wp","href":"https:\/\/api.w.org\/{rel}","templated":true}]}}