{"id":280,"date":"2024-03-22T16:22:22","date_gmt":"2024-03-22T08:22:22","guid":{"rendered":"https:\/\/www.youandtech.com.au\/?post_type=product&#038;p=280"},"modified":"2024-03-22T16:22:22","modified_gmt":"2024-03-22T08:22:22","slug":"gp-ap750","status":"publish","type":"product","link":"https:\/\/www.youandtech.com.au\/index.php\/product\/gp-ap750\/","title":{"rendered":"GP-AP750"},"content":{"rendered":"<h1>Introduction<\/h1>\n<p>GP-AP750 is a high-performance, high bandwidth, multi-function, outdoor industrial dual band wireless AP that supports both 802.11b\/g\/n and 802.11a\/n\/ac standards. The equipment is based on 802.11n MIMO (multiple input multiple output) technology and adopts 2T2R architecture. The maximum bandwidth of dual frequency concurrent operation can reach 750mbps, which can be widely used in medical and school , parks, scenic spots, playgrounds and other indoor and outdoor field joint wireless network coverage, fully compatible with 802.11 a \/ B \/ g \/ N \/ AC protocol client equipment access.<\/p>\n<h1>Characteristic<\/h1>\n<ul>\n<li>Supports 802.11b\/g\/n 802.11a\/n\/ac standards<\/li>\n<li>Integration mode of fat and thin<\/li>\n<li>Diversified access authentication methods<\/li>\n<li>IP67 protection level<\/li>\n<\/ul>\n\n<table id=\"tablepress-AC320-750\" class=\"tablepress tablepress-id-AC320-750 tbody-has-connected-cells\">\n<thead>\n<tr class=\"row-1\">\n\t<th class=\"column-1\">Model<\/th><th class=\"column-2\">GP-AC320<\/th><th class=\"column-3\">GP-AP750<\/th>\n<\/tr>\n<\/thead>\n<tbody class=\"row-striping row-hover\">\n<tr class=\"row-2\">\n\t<td colspan=\"3\" class=\"column-1\">Hardware Performance<\/td>\n<\/tr>\n<tr class=\"row-3\">\n\t<td class=\"column-1\">CPU<\/td><td class=\"column-2\">Qualcomm QCA9531<\/td><td class=\"column-3\">Qualcomm QCA9531<\/td>\n<\/tr>\n<tr class=\"row-4\">\n\t<td class=\"column-1\">Flash<\/td><td class=\"column-2\">16MB<\/td><td class=\"column-3\">16MB<\/td>\n<\/tr>\n<tr class=\"row-5\">\n\t<td class=\"column-1\">DDR<\/td><td class=\"column-2\">128 MB<\/td><td class=\"column-3\">128 MB<\/td>\n<\/tr>\n<tr class=\"row-6\">\n\t<td class=\"column-1\">PA_2.4G<\/td><td class=\"column-2\">SKY65174-21<\/td><td class=\"column-3\">SKY65174-21<\/td>\n<\/tr>\n<tr class=\"row-7\">\n\t<td class=\"column-1\">Maximum Rate<\/td><td class=\"column-2\">300Mbps<\/td><td class=\"column-3\">300Mbps<\/td>\n<\/tr>\n<tr class=\"row-8\">\n\t<td class=\"column-1\">Maximum Support for<br \/>\nwireless access<\/td><td class=\"column-2\">64+<\/td><td class=\"column-3\">64+<\/td>\n<\/tr>\n<tr class=\"row-9\">\n\t<td colspan=\"3\" class=\"column-1\">Software Function<\/td>\n<\/tr>\n<tr class=\"row-10\">\n\t<td class=\"column-1\">Working Mode<\/td><td class=\"column-2\">AP (fat thin mode switching), universal relay, gateway mode, wireless ISP mode<\/td><td class=\"column-3\">AP (fat thin mode switching), universal relay, gateway mode, wireless ISP mode<\/td>\n<\/tr>\n<tr class=\"row-11\">\n\t<td class=\"column-1\">Wireless Function<\/td><td class=\"column-2\">Support 4 SSIDs, hidden SSID, wireless encryption, wireless MAC address filtering, WiFi <br \/>\ntiming off function, multicast acceleration, user isolation, transmission power setting, <br \/>\nand wireless client number limit<\/td><td class=\"column-3\">Support 5 SSIDs, hidden SSID, wireless encryption, wireless MAC address filtering, WiFi <br \/>\ntiming off function, multicast acceleration, user isolation, transmission power setting, <br \/>\nand wireless client number limit<\/td>\n<\/tr>\n<tr class=\"row-12\">\n\t<td class=\"column-1\">Network Function<\/td><td class=\"column-2\">VLAN settings, DHCP server, cloud platform server<\/td><td class=\"column-3\">VLAN settings, DHCP server, cloud platform server<\/td>\n<\/tr>\n<tr class=\"row-13\">\n\t<td class=\"column-1\">Device Management<\/td><td class=\"column-2\">Backup configuration information, restore configuration information, restore factory <br \/>\nconfiguration information, restart including scheduled restart and immediate restart, <br \/>\nfirmware upgrade, time management including system display time and time <br \/>\nsynchronization, system log, support local unified management function<\/td><td class=\"column-3\">Backup configuration information, restore configuration information, restore factory <br \/>\nconfiguration information, restart including scheduled restart and immediate restart, <br \/>\nfirmware upgrade, time management including system display time and time <br \/>\nsynchronization, system log, support local unified management function<\/td>\n<\/tr>\n<tr class=\"row-14\">\n\t<td colspan=\"3\" class=\"column-1\">RF Parameters<\/td>\n<\/tr>\n<tr class=\"row-15\">\n\t<td class=\"column-1\">2.4G working frequency band<\/td><td class=\"column-2\">2.4GHz \u2013 2.484GHz<\/td><td class=\"column-3\">2.4GHz \u2013 2.485GHz<\/td>\n<\/tr>\n<tr class=\"row-16\">\n\t<td class=\"column-1\">2.4G WIFI transport protocol<\/td><td class=\"column-2\">802.11 b \/ g \/ n<\/td><td class=\"column-3\">802.12 b \/ g \/ n<\/td>\n<\/tr>\n<tr class=\"row-17\">\n\t<td class=\"column-1\">2.4G wireless power<\/td><td class=\"column-2\"> 802.11b\uff1a11M\\27\u00b12dBm\uff0c1M\\29\u00b12dBm<br \/>\n 802.11g\uff1a54M\\26\u00b12dBm\uff0c6M\\29\u00b12dBm <br \/>\n802.11n HT20\uff1aMCS7\\25\u00b12dBm\uff0cMCS0\\28\u00b12dBm <br \/>\n802.11n HT40\uff1aMCS7\\24\u00b12dBm\uff0cMCS0\\27\u00b12dBm <\/td><td class=\"column-3\"> 802.11b\uff1a11M\\27\u00b12dBm\uff0c1M\\29\u00b12dBm<br \/>\n 802.11g\uff1a54M\\26\u00b12dBm\uff0c6M\\29\u00b12dBm <br \/>\n802.11n HT20\uff1aMCS7\\25\u00b12dBm\uff0cMCS0\\28\u00b12dBm <br \/>\n802.11n HT40\uff1aMCS7\\24\u00b12dBm\uff0cMCS0\\27\u00b13dBm<\/td>\n<\/tr>\n<tr class=\"row-18\">\n\t<td class=\"column-1\">2.4G receiving sensitivity<\/td><td class=\"column-2\">802.11b\uff1a11M\\-85dBm\uff1b1M\\-94dBm <br \/>\n802.11g\uff1a54M\\-72dBm\uff1b6M\\-90dBm <br \/>\n802.11n\uff1aHT20\uff1aMCS7\\-70dBm\uff1bMCS0\\-88dBm <br \/>\n802.11n\uff1aHT40\uff1aMCS7\\-68dBm\uff1bMCS0\\-86dBm <\/td><td class=\"column-3\">802.11b\uff1a11M\\-85dBm\uff1b1M\\-94dBm <br \/>\n802.11g\uff1a54M\\-72dBm\uff1b6M\\-90dBm <br \/>\n802.11n\uff1aHT20\uff1aMCS7\\-70dBm\uff1bMCS0\\-88dBm <br \/>\n802.11n\uff1aHT40\uff1aMCS7\\-68dBm\uff1bMCS0\\-87dBm<\/td>\n<\/tr>\n<tr class=\"row-19\">\n\t<td class=\"column-1\">2.4G EVM<\/td><td class=\"column-2\">802. 11n: \u2264 -28 dB 802. 11g: \u2264 -25 dB 802. 11b: \u2264 -10 dB<\/td><td class=\"column-3\">802. 11n: \u2264 -28 dB 802. 11g: \u2264 -25 dB 802. 11b: \u2264 -11 dB<\/td>\n<\/tr>\n<tr class=\"row-20\">\n\t<td colspan=\"3\" class=\"column-1\">Interface and power supply<\/td>\n<\/tr>\n<tr class=\"row-21\">\n\t<td class=\"column-1\">2.4G RF interface<\/td><td class=\"column-2\">N *2<\/td><td class=\"column-3\">N *3<\/td>\n<\/tr>\n<tr class=\"row-22\">\n\t<td class=\"column-1\">WAN<\/td><td class=\"column-2\">1 10 \/ 100 adaptive WAN \/ LAN port, supporting Poe power supply<\/td><td class=\"column-3\">2 10 \/ 100 adaptive WAN \/ LAN port, supporting Poe power supply<\/td>\n<\/tr>\n<tr class=\"row-23\">\n\t<td class=\"column-1\">Status indicator<\/td><td class=\"column-2\">WAN<\/td><td class=\"column-3\">WAN<\/td>\n<\/tr>\n<tr class=\"row-24\">\n\t<td class=\"column-1\">power supply<\/td><td class=\"column-2\">POE power<\/td><td class=\"column-3\">POE power<\/td>\n<\/tr>\n<tr class=\"row-25\">\n\t<td class=\"column-1\">Supply voltage<\/td><td class=\"column-2\">POE48V<\/td><td class=\"column-3\">POE49V<\/td>\n<\/tr>\n<tr class=\"row-26\">\n\t<td class=\"column-1\">Maximum power consumption<\/td><td class=\"column-2\"><10W<\/td><td class=\"column-3\"><11W<\/td>\n<\/tr>\n<tr class=\"row-27\">\n\t<td colspan=\"3\" class=\"column-1\">Environmental and physical performance<\/td>\n<\/tr>\n<tr class=\"row-28\">\n\t<td class=\"column-1\">working temperature<\/td><td class=\"column-2\">-40 \uff5e 80\u2103<\/td><td class=\"column-3\">-40 \uff5e 81\u2103<\/td>\n<\/tr>\n<tr class=\"row-29\">\n\t<td class=\"column-1\">Storage temperature<\/td><td class=\"column-2\">-45 \uff5e 85\u2103<\/td><td class=\"column-3\">-45 \uff5e 86\u2103<\/td>\n<\/tr>\n<tr class=\"row-30\">\n\t<td class=\"column-1\">Humidity (non concentrated)<\/td><td class=\"column-2\">5\uff05\uff5e 95\uff05\uff08No condensation\uff09<\/td><td class=\"column-3\">5\uff05\uff5e 96\uff05\uff08No condensation\uff09<\/td>\n<\/tr>\n<tr class=\"row-31\">\n\t<td class=\"column-1\">size<\/td><td class=\"column-2\">182mm\u00d7131mm\u00d765mm(length \u00d7 width \u00d7 height)<\/td><td class=\"column-3\">182mm\u00d7141mm\u00d766mm(length \u00d7 width \u00d7 height)<\/td>\n<\/tr>\n<tr class=\"row-32\">\n\t<td class=\"column-1\">Installation and fixation<\/td><td class=\"column-2\">L-shaped bracket with U-clamp; diameter of holding pole\uff1a\u03a630 \uff5e 50mm<\/td><td class=\"column-3\">L-shaped bracket with U-clamp; diameter of holding pole\uff1a\u03a630 \uff5e 51mm<\/td>\n<\/tr>\n<tr class=\"row-33\">\n\t<td class=\"column-1\">Special design<\/td><td class=\"column-2\"> IP67 protection level, electromagnetic shielding, wind protection, <br \/>\nsun protection, shock proof and heat dissipation design<\/td><td class=\"column-3\"> IP68 protection level, electromagnetic shielding, wind protection, <br \/>\nsun protection, shock proof and heat dissipation design<\/td>\n<\/tr>\n<\/tbody>\n<\/table>\n<!-- #tablepress-AC320-750 from cache -->\n","protected":false},"excerpt":{"rendered":"<p>GP-AP750 is a high-performance, high bandwidth, multi-function, outdoor industrial dual band wireless AP that supports both 802.11b\/g\/n and 802.11a\/n\/ac standards. The equipment is based on 802.11n MIMO (multiple input multiple output) technology and adopts 2T2R architecture. The maximum bandwidth of dual frequency concurrent operation can reach 750mbps, which can be widely used in medical and school , parks, scenic spots, playgrounds and other indoor and outdoor field joint wireless network coverage, fully compatible with 802.11 a \/ B \/ g \/ N \/ AC protocol client equipment access.<\/p>\n","protected":false},"featured_media":0,"template":"","meta":[],"product_brand":[],"product_cat":[16],"product_tag":[],"class_list":{"0":"post-280","1":"product","2":"type-product","3":"status-publish","5":"product_cat-uncategorised","7":"first","8":"instock","9":"shipping-taxable","10":"product-type-simple"},"jetpack_sharing_enabled":true,"_links":{"self":[{"href":"https:\/\/www.youandtech.com.au\/index.php\/wp-json\/wp\/v2\/product\/280","targetHints":{"allow":["GET"]}}],"collection":[{"href":"https:\/\/www.youandtech.com.au\/index.php\/wp-json\/wp\/v2\/product"}],"about":[{"href":"https:\/\/www.youandtech.com.au\/index.php\/wp-json\/wp\/v2\/types\/product"}],"wp:attachment":[{"href":"https:\/\/www.youandtech.com.au\/index.php\/wp-json\/wp\/v2\/media?parent=280"}],"wp:term":[{"taxonomy":"product_brand","embeddable":true,"href":"https:\/\/www.youandtech.com.au\/index.php\/wp-json\/wp\/v2\/product_brand?post=280"},{"taxonomy":"product_cat","embeddable":true,"href":"https:\/\/www.youandtech.com.au\/index.php\/wp-json\/wp\/v2\/product_cat?post=280"},{"taxonomy":"product_tag","embeddable":true,"href":"https:\/\/www.youandtech.com.au\/index.php\/wp-json\/wp\/v2\/product_tag?post=280"}],"curies":[{"name":"wp","href":"https:\/\/api.w.org\/{rel}","templated":true}]}}